{"id":143,"date":"2016-06-20T07:48:11","date_gmt":"2016-06-20T07:48:11","guid":{"rendered":"http:\/\/sw-themes.com\/porto_dummy\/?page_id=143"},"modified":"2022-01-19T22:37:28","modified_gmt":"2022-01-19T22:37:28","slug":"home","status":"publish","type":"page","link":"https:\/\/www.directagronegocios.com\/","title":{"rendered":"Home"},"content":{"rendered":"<p>[vc_row wrap_container=&#8221;yes&#8221; el_class=&#8221;home-intro home-intro-dark&#8221;][vc_column width=&#8221;2\/3&#8243;][vc_column_text el_class=&#8221;m-b-none&#8221;]<span style=\"opacity: 0.7;\">Fa\u00e7a parte da rede de acesso a venda direta que mais cresce no Agroneg\u00f3cio Brasileiro.<br \/>\n<strong>Saiba mais como ser Franqueado DirectAgro<\/strong><br \/>\n<\/span>[\/vc_column_text][\/vc_column][vc_column width=&#8221;1\/3&#8243; el_class=&#8221;get-started&#8221;][vc_btn title=&#8221;SEJA FRANQUEADO&#8221; size=&#8221;lg&#8221; skin=&#8221;primary&#8221; link=&#8221;url:%23contatos|||&#8221; el_class=&#8221;mb-0 font-weight-semibold&#8221;][vc_column_text el_class=&#8221;m-b-none learn-more&#8221;]ou <a href=\"https:\/\/api.whatsapp.com\/send?phone=5563999367704\">WhatsApp<\/a>[\/vc_column_text][\/vc_column][\/vc_row][vc_row wrap_container=&#8221;yes&#8221; animation_delay=&#8221;&#8221; css=&#8221;.vc_custom_1598296247982{padding-top: 80px !important;}&#8221; el_id=&#8221;sobrenos&#8221;][vc_column width=&#8221;1\/2&#8243;][vc_custom_heading text=&#8221;A <b>Direct<\/b>Agro&#8221; font_container=&#8221;tag:h2|font_size:25px|text_align:left&#8221; use_theme_fonts=&#8221;yes&#8221; css=&#8221;.vc_custom_1600111290346{margin-bottom: 20px !important;}&#8221;][vc_column_text]Com um conceito totalmente inovador, nosso objetivo \u00e9 aprimorar e fortalecer o acesso do cliente \u00e0 compras de insumos agr\u00edcolas direto das ind\u00fastrias.<\/p>\n<p>Buscando facilitar a vida de quem atua no campo por meio de solu\u00e7\u00f5es personalizadas.<\/p>\n<p>Moldada no modelo de franquias, uniremos for\u00e7as aos nossos franqueados e somados os volumes de compras poderemos ofertar aos nossos clientes produtos com melhor custo benef\u00edcio.[\/vc_column_text][\/vc_column][vc_column width=&#8221;1\/2&#8243; animation_delay=&#8221;300&#8243; animation_type=&#8221;fadeInRight&#8221;][vc_single_image image=&#8221;2473&#8243; img_size=&#8221;full&#8221; el_class=&#8221;mb-0&#8243;][\/vc_column][\/vc_row][vc_row wrap_container=&#8221;yes&#8221; animation_delay=&#8221;&#8221; css=&#8221;.vc_custom_1598295751454{padding-top: 60px !important;padding-bottom: 60px !important;background-color: #ededed !important;}&#8221;][vc_column width=&#8221;1\/3&#8243; animation_type=&#8221;fadeInLeft&#8221;]<div class=\"porto-sicon-box style_1 left-icon\"><div class=\"porto-sicon-left\"><div id=\"porto-icon-115510506969e31ce84718e\" class=\"porto-just-icon-wrapper\" style=\"text-align:center;\"><div class=\"porto-icon advanced\" style=\"color:#3d7925;background:transparent;width:36px;height:36px;line-height:36px;border-radius:500px;font-size:28px;display:inline-block;\"><i class=\"Simple-Line-Icons-check\"><\/i><\/div><\/div><\/div><div class=\"porto-sicon-body\"><div class=\"porto-sicon-header\" ><h3 class=\"porto-sicon-title\" style=\"font-weight:700;\">Miss\u00e3o<\/h3><\/div> <!-- header --><div class=\"porto-sicon-description\" style=\"\">Atuar como facilitadora no mercado de insumos agropecu\u00e1rios, intermediando acesso de produtores e compra direta, visando a redu\u00e7\u00e3o de custos e fortalecimento da cadeia de agroneg\u00f3cios.<\/div> <!-- description --><\/div><\/div><!-- porto-sicon-box -->[\/vc_column][vc_column width=&#8221;1\/3&#8243; animation_delay=&#8221;300&#8243; animation_type=&#8221;fadeInUp&#8221;]<div class=\"porto-sicon-box style_1 left-icon\"><div class=\"porto-sicon-left\"><div id=\"porto-icon-136762218469e31ce847575\" class=\"porto-just-icon-wrapper\" style=\"text-align:center;\"><div class=\"porto-icon advanced\" style=\"color:#3d7925;background:transparent;width:36px;height:36px;line-height:36px;border-radius:500px;font-size:28px;display:inline-block;\"><i class=\"Simple-Line-Icons-like\"><\/i><\/div><\/div><\/div><div class=\"porto-sicon-body\"><div class=\"porto-sicon-header\" ><h3 class=\"porto-sicon-title\" style=\"font-weight:700;\">Vis\u00e3o<\/h3><\/div> <!-- header --><div class=\"porto-sicon-description\" style=\"\">Consolidar a marca DirectAgro como a maior conta de acesso do mercado da regi\u00e3o centro norte do pais ate 2025.<\/div> <!-- description --><\/div><\/div><!-- porto-sicon-box -->[\/vc_column][vc_column width=&#8221;1\/3&#8243; animation_type=&#8221;fadeInRight&#8221;]<div class=\"porto-sicon-box style_1 left-icon\"><div class=\"porto-sicon-left\"><div id=\"porto-icon-35475482069e31ce847917\" class=\"porto-just-icon-wrapper\" style=\"text-align:center;\"><div class=\"porto-icon advanced\" style=\"color:#3d7925;background:transparent;width:36px;height:36px;line-height:36px;border-radius:500px;font-size:28px;display:inline-block;\"><i class=\"Simple-Line-Icons-star\"><\/i><\/div><\/div><\/div><div class=\"porto-sicon-body\"><div class=\"porto-sicon-header\" ><h3 class=\"porto-sicon-title\" style=\"font-weight:700;\">Valores<\/h3><\/div> <!-- header --><div class=\"porto-sicon-description\" style=\"\">Confian\u00e7a<br \/>\n<span data-dobid=\"hdw\">Excel\u00eancia<\/span><br \/>\nValoriza\u00e7\u00e3o profissional<br \/>\nCompromisso s\u00f3cio ambiental<\/div> <!-- description --><\/div><\/div><!-- porto-sicon-box -->[\/vc_column][\/vc_row][vc_row parallax=&#8221;content-moving&#8221; parallax_image=&#8221;2432&#8243; wrap_container=&#8221;yes&#8221; animation_delay=&#8221;&#8221; css=&#8221;.vc_custom_1598299756411{padding-top: 60px !important;padding-bottom: 0px !important;background-color: #358e12 !important;}&#8221; el_id=&#8221;franqueadosrepresentante&#8221;][vc_column width=&#8221;1\/2&#8243;][vc_empty_space height=&#8221;20px&#8221;]<div class=\"porto-u-heading\" data-hspacer=\"no_spacer\" data-halign=\"left\" style=\"text-align:left\"><div class=\"porto-u-main-heading\"><h2 style=\"color:#ffffff;\"><b>SEJA<\/b> UM FRANQUEADO<\/h2><\/div><div class=\"porto-u-sub-heading\" style=\"color: #ffffff;\">Fa\u00e7a parte da rede de acesso a venda direta que mais cresce no Agroneg\u00f3cio Brasileiro.<\/p>\n<p>Conhe\u00e7a nosso inovador e \u00fanico plano de neg\u00f3cios.<\/div><\/div>[vc_empty_space height=&#8221;20px&#8221;][vc_btn title=&#8221;CLIQUE E FALE CONOSCO&#8221; size=&#8221;lg&#8221; skin=&#8221;primary&#8221; link=&#8221;url:%23contatos|||&#8221; el_class=&#8221;mb-0 font-weight-semibold&#8221;][\/vc_column][vc_column width=&#8221;1\/2&#8243; animation_delay=&#8221;300&#8243; animation_type=&#8221;fadeInRight&#8221;][vc_single_image image=&#8221;2503&#8243; img_size=&#8221;full&#8221; alignment=&#8221;center&#8221; label=&#8221;&#8221;][\/vc_column][\/vc_row][vc_row wrap_container=&#8221;yes&#8221; css=&#8221;.vc_custom_1598300178079{padding-top: 80px !important;padding-bottom: 80px !important;}&#8221; el_id=&#8221;parceiros&#8221;][vc_column]<div class=\"porto-u-heading\" data-hspacer=\"no_spacer\" data-halign=\"left\" style=\"text-align:left\"><div class=\"porto-u-main-heading\"><h2 style=\"color:#878787;\"><b>SEJA<\/b> NOSSO PARCEIRO<\/h2><\/div><div class=\"porto-u-sub-heading\" style=\"color: #878787;\"><span class=\"\">Parcerias de sucesso s\u00e3o baseadas na confian\u00e7a, n\u00f3s da DirectAgro, temos como um dos pilares, a confian\u00e7a e acreditamos que esse seja um princ\u00edpio fundamental para parcerias de longa data!<\/span><\/div><\/div>[vc_empty_space height=&#8221;20px&#8221;]<div class=\"porto-carousel owl-carousel has-ccols ccols-xl-7 ccols-lg-5 ccols-md-3 ccols-sm-3 ccols-3 carousel-center-active-item\" data-plugin-options=\"{&quot;stagePadding&quot;:0,&quot;margin&quot;:0,&quot;autoplay&quot;:&quot;yes&quot;,&quot;autoplayTimeout&quot;:5000,&quot;autoplayHoverPause&quot;:false,&quot;items&quot;:7,&quot;lg&quot;:5,&quot;md&quot;:3,&quot;sm&quot;:3,&quot;xs&quot;:3,&quot;nav&quot;:false,&quot;dots&quot;:false,&quot;animateIn&quot;:&quot;&quot;,&quot;animateOut&quot;:&quot;&quot;,&quot;loop&quot;:&quot;yes&quot;,&quot;center&quot;:&quot;yes&quot;,&quot;video&quot;:false,&quot;lazyLoad&quot;:false,&quot;fullscreen&quot;:false}\">[vc_single_image image=&#8221;2458&#8243; img_size=&#8221;full&#8221; alignment=&#8221;center&#8221; onclick=&#8221;custom_link&#8221; link=&#8221;#&#8221;][vc_single_image image=&#8221;2458&#8243; img_size=&#8221;full&#8221; alignment=&#8221;center&#8221; onclick=&#8221;custom_link&#8221; link=&#8221;#&#8221;][vc_single_image image=&#8221;2458&#8243; img_size=&#8221;full&#8221; alignment=&#8221;center&#8221; onclick=&#8221;custom_link&#8221; link=&#8221;#&#8221;][vc_single_image image=&#8221;2458&#8243; img_size=&#8221;full&#8221; alignment=&#8221;center&#8221; onclick=&#8221;custom_link&#8221; link=&#8221;#&#8221;][vc_single_image image=&#8221;2458&#8243; img_size=&#8221;full&#8221; alignment=&#8221;center&#8221; onclick=&#8221;custom_link&#8221; link=&#8221;#&#8221;][vc_single_image image=&#8221;2458&#8243; img_size=&#8221;full&#8221; alignment=&#8221;center&#8221; onclick=&#8221;custom_link&#8221; link=&#8221;#&#8221;][vc_single_image image=&#8221;2458&#8243; img_size=&#8221;full&#8221; alignment=&#8221;center&#8221; onclick=&#8221;custom_link&#8221; link=&#8221;#&#8221;][vc_single_image image=&#8221;2458&#8243; img_size=&#8221;full&#8221; alignment=&#8221;center&#8221; onclick=&#8221;custom_link&#8221; link=&#8221;#&#8221;]<\/div>[\/vc_column][\/vc_row][vc_row wrap_container=&#8221;yes&#8221; css=&#8221;.vc_custom_1598300843883{padding-top: 50px !important;padding-bottom: 50px !important;background-color: #3d7925 !important;}&#8221; el_id=&#8221;contatos&#8221;][vc_column]<div class=\"porto-u-heading\" data-hspacer=\"no_spacer\" data-halign=\"left\" style=\"text-align:left\"><div class=\"porto-u-main-heading\"><h2 style=\"color:#ffffff;\"><b>FALE<\/b> CONOSCO<\/h2><\/div><div class=\"porto-u-sub-heading\" style=\"color: #ffffff;\">Preencha o Formul\u00e1rio abaixo e entre em contato com nossa equipe.<\/div><\/div><div role=\"form\" class=\"wpcf7\" id=\"wpcf7-f74-o1\" lang=\"en-US\" dir=\"ltr\">\n<div class=\"screen-reader-response\"><p role=\"status\" aria-live=\"polite\" aria-atomic=\"true\"><\/p> <ul><\/ul><\/div>\n<form action=\"\/index.php?rest_route=%2Fwp%2Fv2%2Fpages%2F143#wpcf7-f74-o1\" method=\"post\" class=\"wpcf7-form init\" novalidate=\"novalidate\" data-status=\"init\">\n<div style=\"display: none;\">\n<input type=\"hidden\" name=\"_wpcf7\" value=\"74\" \/>\n<input type=\"hidden\" name=\"_wpcf7_version\" value=\"5.4\" \/>\n<input type=\"hidden\" name=\"_wpcf7_locale\" value=\"en_US\" \/>\n<input type=\"hidden\" name=\"_wpcf7_unit_tag\" value=\"wpcf7-f74-o1\" \/>\n<input type=\"hidden\" name=\"_wpcf7_container_post\" value=\"0\" \/>\n<input type=\"hidden\" name=\"_wpcf7_posted_data_hash\" value=\"\" \/>\n<\/div>\n<div class=\"row form-row\">\n<div class=\"col-lg-6\">\n<div class=\"form-group\">\n            <label for=\"contact-name\" class=\"font-weight-bold text-dark\">Nome *<\/label><br \/>\n            <span class=\"wpcf7-form-control-wrap your-name\"><input type=\"text\" name=\"your-name\" value=\"\" size=\"40\" class=\"wpcf7-form-control wpcf7-text wpcf7-validates-as-required form-control\" id=\"contact-name\" aria-required=\"true\" aria-invalid=\"false\" \/><\/span>\n        <\/div>\n<\/div>\n<div class=\"col-lg-6\">\n<div class=\"form-group\">\n            <label for=\"contact-email\" class=\"font-weight-bold text-dark\">Email*<\/label><br \/>\n            <span class=\"wpcf7-form-control-wrap your-email\"><input type=\"email\" name=\"your-email\" value=\"\" size=\"40\" class=\"wpcf7-form-control wpcf7-text wpcf7-email wpcf7-validates-as-required wpcf7-validates-as-email form-control\" id=\"contact-email\" aria-required=\"true\" aria-invalid=\"false\" \/><\/span>\n        <\/div>\n<\/div>\n<div class=\"col-lg-12\">\n<div class=\"form-group\">\n            <label for=\"contact-subject\" class=\"font-weight-bold text-dark\">Assunto<\/label><br \/>\n            <span class=\"wpcf7-form-control-wrap your-subject\"><input type=\"text\" name=\"your-subject\" value=\"\" size=\"40\" class=\"wpcf7-form-control wpcf7-text form-control\" id=\"contact-subject\" aria-invalid=\"false\" \/><\/span>\n        <\/div>\n<\/div>\n<div class=\"col-lg-12\">\n<div class=\"form-group\">\n            <label for=\"contact-message\" class=\"font-weight-bold text-dark\">Mensagem<\/label><br \/>\n            <span class=\"wpcf7-form-control-wrap your-message\"><textarea name=\"your-message\" cols=\"40\" rows=\"10\" class=\"wpcf7-form-control wpcf7-textarea form-control\" id=\"contact-message\" aria-invalid=\"false\"><\/textarea><\/span>\n        <\/div>\n<\/div>\n<div class=\"col-lg-12\">\n<div class=\"form-group\">\n            <input type=\"submit\" value=\"Enviar Formul\u00e1rio\" class=\"wpcf7-form-control wpcf7-submit btn btn-primary btn-modern\" \/>\n        <\/div>\n<\/div>\n<\/div>\n<div class=\"wpcf7-response-output\" aria-hidden=\"true\"><\/div><\/form><\/div>[\/vc_column][\/vc_row]<\/p>\n","protected":false},"excerpt":{"rendered":"<p>[vc_row wrap_container=&#8221;yes&#8221; el_class=&#8221;home-intro home-intro-dark&#8221;][vc_column width=&#8221;2\/3&#8243;][vc_column_text el_class=&#8221;m-b-none&#8221;]Fa\u00e7a parte da rede de acesso a venda direta que mais cresce no Agroneg\u00f3cio Brasileiro. Saiba mais como ser Franqueado DirectAgro [\/vc_column_text][\/vc_column][vc_column width=&#8221;1\/3&#8243; el_class=&#8221;get-started&#8221;][vc_btn title=&#8221;SEJA FRANQUEADO&#8221; size=&#8221;lg&#8221; skin=&#8221;primary&#8221; link=&#8221;url:%23contatos|||&#8221; el_class=&#8221;mb-0 font-weight-semibold&#8221;][vc_column_text el_class=&#8221;m-b-none learn-more&#8221;]ou WhatsApp[\/vc_column_text][\/vc_column][\/vc_row][vc_row wrap_container=&#8221;yes&#8221; animation_delay=&#8221;&#8221; css=&#8221;.vc_custom_1598296247982{padding-top: 80px !important;}&#8221; el_id=&#8221;sobrenos&#8221;][vc_column width=&#8221;1\/2&#8243;][vc_custom_heading text=&#8221;A DirectAgro&#8221; font_container=&#8221;tag:h2|font_size:25px|text_align:left&#8221; use_theme_fonts=&#8221;yes&#8221; css=&#8221;.vc_custom_1600111290346{margin-bottom: 20px !important;}&#8221;][vc_column_text]Com um conceito [&hellip;]<\/p>\n","protected":false},"author":1,"featured_media":0,"parent":0,"menu_order":0,"comment_status":"closed","ping_status":"closed","template":"","meta":[],"_links":{"self":[{"href":"https:\/\/www.directagronegocios.com\/index.php?rest_route=\/wp\/v2\/pages\/143"}],"collection":[{"href":"https:\/\/www.directagronegocios.com\/index.php?rest_route=\/wp\/v2\/pages"}],"about":[{"href":"https:\/\/www.directagronegocios.com\/index.php?rest_route=\/wp\/v2\/types\/page"}],"author":[{"embeddable":true,"href":"https:\/\/www.directagronegocios.com\/index.php?rest_route=\/wp\/v2\/users\/1"}],"replies":[{"embeddable":true,"href":"https:\/\/www.directagronegocios.com\/index.php?rest_route=%2Fwp%2Fv2%2Fcomments&post=143"}],"version-history":[{"count":70,"href":"https:\/\/www.directagronegocios.com\/index.php?rest_route=\/wp\/v2\/pages\/143\/revisions"}],"predecessor-version":[{"id":2504,"href":"https:\/\/www.directagronegocios.com\/index.php?rest_route=\/wp\/v2\/pages\/143\/revisions\/2504"}],"wp:attachment":[{"href":"https:\/\/www.directagronegocios.com\/index.php?rest_route=%2Fwp%2Fv2%2Fmedia&parent=143"}],"curies":[{"name":"wp","href":"https:\/\/api.w.org\/{rel}","templated":true}]}}